{"id":2,"date":"2009-01-22T19:55:07","date_gmt":"2009-01-22T18:55:07","guid":{"rendered":"http:\/\/poeticas.es\/?page_id=2"},"modified":"2021-01-12T18:54:07","modified_gmt":"2021-01-12T16:54:07","slug":"about","status":"publish","type":"page","link":"https:\/\/poeticas.es\/?page_id=2","title":{"rendered":"Po\u00e9ticas"},"content":{"rendered":"<p><img loading=\"lazy\" decoding=\"async\" class=\"alignnone size-full wp-image-4915\" src=\"https:\/\/poeticas.es\/wp-content\/uploads\/2009\/01\/Parnaso.jpg\" alt=\"\" width=\"1241\" height=\"1024\" srcset=\"https:\/\/poeticas.es\/wp-content\/uploads\/2009\/01\/Parnaso.jpg 1241w, https:\/\/poeticas.es\/wp-content\/uploads\/2009\/01\/Parnaso-300x248.jpg 300w, https:\/\/poeticas.es\/wp-content\/uploads\/2009\/01\/Parnaso-768x634.jpg 768w, https:\/\/poeticas.es\/wp-content\/uploads\/2009\/01\/Parnaso-1024x845.jpg 1024w\" sizes=\"auto, (max-width: 1241px) 100vw, 1241px\" \/><\/p>\n<p style=\"text-align: justify;\"><span style=\"color: #ffffff;\"><strong><span style=\"color: #ff9900;\">Po\u00e9ticas<\/span> <\/strong><\/span>es una colecci\u00f3n de poemas en torno a la creaci\u00f3n po\u00e9tica, con una amplia representaci\u00f3n de poetas espa\u00f1oles, hispanoamericanos y de otras lenguas literarias, cl\u00e1sicos y contempor\u00e1neos, todos ellos con obra publicada y ampliamente reconocida y comentada.<\/p>\n<p style=\"text-align: justify;\">Todos los poemas, as\u00ed como las im\u00e1genes de obras de arte con que se ilustran, se publican con fines de difusi\u00f3n y estudio de la obra de sus autores.<\/p>\n<p style=\"text-align: justify;\">El creador de este espacio es Paco Garc\u00eda, profesor de Lengua castellana y Literatura en el IES\u00a0<em>La Orden<\/em>, de Huelva (Espa\u00f1a).<\/p>\n<p style=\"text-align: justify;\">Puedes contactar con \u00e9l en\u00a0<a href=\"mailto:poeticas.es@gmail.com\">poeticas.es@gmail.com<\/a>.<\/p>\n<p style=\"text-align: justify;\">\n","protected":false},"excerpt":{"rendered":"<p>Po\u00e9ticas es una colecci\u00f3n de poemas en torno a la creaci\u00f3n po\u00e9tica, con una amplia representaci\u00f3n de poetas espa\u00f1oles, hispanoamericanos y de otras lenguas literarias, cl\u00e1sicos y contempor\u00e1neos, todos ellos con obra publicada y ampliamente reconocida y comentada. Todos los poemas, as\u00ed como las im\u00e1genes de obras de arte con que se ilustran, se publican&#8230; <\/p>\n<div class=\"read-more navbutton\"><a href=\"https:\/\/poeticas.es\/?page_id=2\">Leer m\u00e1s<i class=\"fa fa-angle-double-right\"><\/i><\/a><\/div>\n","protected":false},"author":1,"featured_media":0,"parent":0,"menu_order":1,"comment_status":"closed","ping_status":"open","template":"","meta":{"_exactmetrics_skip_tracking":false,"_exactmetrics_sitenote_active":false,"_exactmetrics_sitenote_note":"","_exactmetrics_sitenote_category":0,"footnotes":""},"class_list":["post-2","page","type-page","status-publish","hentry"],"_links":{"self":[{"href":"https:\/\/poeticas.es\/index.php?rest_route=\/wp\/v2\/pages\/2","targetHints":{"allow":["GET"]}}],"collection":[{"href":"https:\/\/poeticas.es\/index.php?rest_route=\/wp\/v2\/pages"}],"about":[{"href":"https:\/\/poeticas.es\/index.php?rest_route=\/wp\/v2\/types\/page"}],"author":[{"embeddable":true,"href":"https:\/\/poeticas.es\/index.php?rest_route=\/wp\/v2\/users\/1"}],"replies":[{"embeddable":true,"href":"https:\/\/poeticas.es\/index.php?rest_route=%2Fwp%2Fv2%2Fcomments&post=2"}],"version-history":[{"count":23,"href":"https:\/\/poeticas.es\/index.php?rest_route=\/wp\/v2\/pages\/2\/revisions"}],"predecessor-version":[{"id":5727,"href":"https:\/\/poeticas.es\/index.php?rest_route=\/wp\/v2\/pages\/2\/revisions\/5727"}],"wp:attachment":[{"href":"https:\/\/poeticas.es\/index.php?rest_route=%2Fwp%2Fv2%2Fmedia&parent=2"}],"curies":[{"name":"wp","href":"https:\/\/api.w.org\/{rel}","templated":true}]}}